{"id":659,"date":"2025-01-11T23:08:45","date_gmt":"2025-01-11T22:08:45","guid":{"rendered":"https:\/\/universjo.com\/?page_id=659"},"modified":"2025-02-19T12:08:54","modified_gmt":"2025-02-19T11:08:54","slug":"sensibilisation","status":"publish","type":"page","link":"https:\/\/universjo.com\/index.php\/sensibilisation\/","title":{"rendered":"Sensibilisation"},"content":{"rendered":"<p>[et_pb_section fb_built=&#8221;1&#8243; fullwidth=&#8221;on&#8221; admin_label=&#8221;Page Header&#8221; _builder_version=&#8221;4.4.8&#8243; background_color=&#8221;rgba(180,222,231,0.38)&#8221; background_enable_color=&#8221;off&#8221; background_image=&#8221;https:\/\/universjo.com\/wp-content\/uploads\/2020\/06\/IMG_1607-scaled.jpg&#8221; min_height=&#8221;100px&#8221;][et_pb_fullwidth_header text_orientation=&#8221;center&#8221; background_overlay_color=&#8221;rgba(54,131,193,0.51)&#8221; admin_label=&#8221;Hero Section&#8221; _builder_version=&#8221;4.4.8&#8243; title_font=&#8221;Montserrat|on|||&#8221; title_font_size=&#8221;60px&#8221; title_line_height=&#8221;1.4em&#8221; content_font=&#8221;Montserrat|600|||||||&#8221; content_font_size=&#8221;50px&#8221; content_line_height=&#8221;1em&#8221; subhead_font=&#8221;||||&#8221; background_enable_color=&#8221;off&#8221; custom_button_one=&#8221;on&#8221; button_one_text_size=&#8221;16px&#8221; button_one_bg_color=&#8221;#6eba01&#8243; button_one_border_width=&#8221;2px&#8221; button_one_border_color=&#8221;#6eba01&#8243; button_one_border_radius=&#8221;0&#8243; button_one_letter_spacing=&#8221;2&#8243; button_one_font=&#8221;Montserrat|||on|&#8221; button_one_use_icon=&#8221;off&#8221; custom_button_two=&#8221;on&#8221; button_two_text_size=&#8221;16px&#8221; button_two_border_width=&#8221;2px&#8221; button_two_border_color=&#8221;#ffffff&#8221; button_two_border_radius=&#8221;0&#8243; button_two_letter_spacing=&#8221;2&#8243; button_two_font=&#8221;Montserrat|||on|&#8221; button_two_use_icon=&#8221;off&#8221; transform_scale_tablet=&#8221;&#8221; transform_scale_phone=&#8221;&#8221; transform_scale_last_edited=&#8221;on|desktop&#8221; transform_translate_tablet=&#8221;&#8221; transform_translate_phone=&#8221;&#8221; transform_translate_last_edited=&#8221;on|desktop&#8221; transform_rotate_tablet=&#8221;&#8221; transform_rotate_phone=&#8221;&#8221; transform_rotate_last_edited=&#8221;on|desktop&#8221; transform_skew_tablet=&#8221;&#8221; transform_skew_phone=&#8221;&#8221; transform_skew_last_edited=&#8221;on|desktop&#8221; transform_origin_tablet=&#8221;&#8221; transform_origin_phone=&#8221;&#8221; transform_origin_last_edited=&#8221;on|desktop&#8221; transform_styles_last_edited=&#8221;on|desktop&#8221; max_width=&#8221;100%&#8221; height=&#8221;400px&#8221; animation_style=&#8221;fade&#8221; transform_styles_tablet=&#8221;&#8221; transform_styles_phone=&#8221;&#8221; text_shadow_style=&#8221;preset1&#8243; button_one_text_color_hover=&#8221;#6eba01&#8243; button_two_text_color_hover=&#8221;#6eba01&#8243; button_one_border_color_hover=&#8221;#ffffff&#8221; button_two_border_color_hover=&#8221;#ffffff&#8221; button_one_border_radius_hover=&#8221;0&#8243; button_two_border_radius_hover=&#8221;0&#8243; button_one_letter_spacing_hover=&#8221;2&#8243; button_two_letter_spacing_hover=&#8221;2&#8243; button_one_bg_color_hover=&#8221;#ffffff&#8221; button_two_bg_color_hover=&#8221;#ffffff&#8221; button_one_text_size__hover_enabled=&#8221;off&#8221; button_two_text_size__hover_enabled=&#8221;off&#8221; button_one_text_color__hover_enabled=&#8221;on&#8221; button_one_text_color__hover=&#8221;#6eba01&#8243; button_two_text_color__hover_enabled=&#8221;on&#8221; button_two_text_color__hover=&#8221;#6eba01&#8243; button_one_border_width__hover_enabled=&#8221;off&#8221; button_two_border_width__hover_enabled=&#8221;off&#8221; button_one_border_color__hover_enabled=&#8221;on&#8221; button_one_border_color__hover=&#8221;#ffffff&#8221; button_two_border_color__hover_enabled=&#8221;on&#8221; button_two_border_color__hover=&#8221;#ffffff&#8221; button_one_border_radius__hover_enabled=&#8221;on&#8221; button_one_border_radius__hover=&#8221;0&#8243; button_two_border_radius__hover_enabled=&#8221;on&#8221; button_two_border_radius__hover=&#8221;0&#8243; button_one_letter_spacing__hover_enabled=&#8221;on&#8221; button_one_letter_spacing__hover=&#8221;2&#8243; button_two_letter_spacing__hover_enabled=&#8221;on&#8221; button_two_letter_spacing__hover=&#8221;2&#8243; button_one_bg_color__hover_enabled=&#8221;on&#8221; button_one_bg_color__hover=&#8221;#ffffff&#8221; button_two_bg_color__hover_enabled=&#8221;on&#8221; button_two_bg_color__hover=&#8221;#ffffff&#8221;]<\/p>\n<p>&nbsp;<\/p>\n<p>&nbsp;<\/p>\n<p>Sensibilisation des publics<\/p>\n<p>[\/et_pb_fullwidth_header][\/et_pb_section][et_pb_section fb_built=&#8221;1&#8243; admin_label=&#8221;Projects&#8221; _builder_version=&#8221;3.22&#8243; custom_padding=&#8221;0px||90px|||&#8221;][et_pb_row _builder_version=&#8221;4.4.8&#8243; custom_padding=&#8221;37px|||||&#8221;][et_pb_column type=&#8221;4_4&#8243; _builder_version=&#8221;4.4.8&#8243;][et_pb_text _builder_version=&#8221;4.4.8&#8243;]<\/p>\n<p style=\"text-align: center;\"><b>A Metz et en Moselle, UnivserJo propose des actions de sensibilisation au handicap visuel \u00e0 destination de tous.<\/b><\/p>\n<p>[\/et_pb_text][\/et_pb_column][\/et_pb_row][et_pb_row _builder_version=&#8221;4.4.8&#8243; custom_padding=&#8221;37px|||||&#8221;][et_pb_column type=&#8221;4_4&#8243; _builder_version=&#8221;4.4.8&#8243;][et_pb_text _builder_version=&#8221;4.4.8&#8243;]<\/p>\n<p style=\"text-align: center;\"><b>A destination des scolaires :<\/b><\/p>\n<p style=\"text-align: center;\">UniversJo travaille avec plusieurs \u00e9tablissements scolaires afin de sensibiliser d\u00e8s le plus jeune \u00e2ge les \u00e9l\u00e8ves au handicap visuel.<\/p>\n<p>[\/et_pb_text][\/et_pb_column][\/et_pb_row][et_pb_row column_structure=&#8221;1_3,1_3,1_3&#8243; _builder_version=&#8221;4.4.8&#8243; custom_padding=&#8221;54px|||||&#8221;][et_pb_column type=&#8221;1_3&#8243; _builder_version=&#8221;4.4.8&#8243;][et_pb_accordion _builder_version=&#8221;4.4.8&#8243; background_color=&#8221;#c5310d&#8221;][et_pb_accordion_item title=&#8221;ECOLES&#8221; open=&#8221;on&#8221; open_toggle_text_color=&#8221;#000000&#8243; _builder_version=&#8221;4.4.8&#8243; background_color=&#8221;#ffffff&#8221; background_enable_color=&#8221;on&#8221; toggle_text_color=&#8221;#0c71c3&#8243;][\/et_pb_accordion_item][et_pb_accordion_item title=&#8221;MATERNELLE&#8221; _builder_version=&#8221;4.4.8&#8243; background_color=&#8221;#ffffff&#8221; background_enable_color=&#8221;on&#8221; open=&#8221;off&#8221;][\/et_pb_accordion_item][et_pb_accordion_item title=&#8221;PRIMAIRE&#8221; _builder_version=&#8221;4.4.8&#8243; background_color=&#8221;#ffffff&#8221; background_enable_color=&#8221;on&#8221; open=&#8221;off&#8221;]<\/p>\n<p>Nos actions de sensibilisation se d\u00e9roulent sur 1\/2 journ\u00e9e et se co-construisent avec les enseignants.<\/p>\n<p>Les approches peuvent varier en fonction des \u00e2ges et des classes :<\/p>\n<ul>\n<li>une introduction au handicap visuel,<\/li>\n<li>un temps de discussion avec les \u00e9l\u00e8ves,<\/li>\n<li>une mise en situation comprenant une situation de d\u00e9placement, de lecture,\u00a0d&#8217;\u00e9criture,<\/li>\n<li>la projection d&#8217;un film en audio-description,<\/li>\n<li>une initiation au c\u00e9cifoot.<\/li>\n<\/ul>\n<p>&nbsp;<\/p>\n<p>[\/et_pb_accordion_item][et_pb_accordion_item title=&#8221;CONTACTEZ-NOUS !&#8221; _builder_version=&#8221;4.4.8&#8243; background_color=&#8221;#ffffff&#8221; background_enable_color=&#8221;on&#8221; open=&#8221;off&#8221;]<\/p>\n<p>Ces rencontres auront lieu tout au long de l&#8217;ann\u00e9e dans les diff\u00e9rents \u00e9tablissements scolaires int\u00e9ress\u00e9s.<\/p>\n<p><strong><em>&gt;&gt; Contact <\/em><em>tout au long de l&#8217;ann\u00e9e <\/em><em>: universjo@gmail.com <\/em><\/strong><\/p>\n<p>&nbsp;<\/p>\n<p>[\/et_pb_accordion_item][\/et_pb_accordion][\/et_pb_column][et_pb_column type=&#8221;1_3&#8243; _builder_version=&#8221;4.4.8&#8243;][et_pb_accordion _builder_version=&#8221;4.4.8&#8243; background_color=&#8221;#edf000&#8243; width=&#8221;100%&#8221;][et_pb_accordion_item title=&#8221;COLLEGES ET LYCEES&#8221; open=&#8221;on&#8221; _builder_version=&#8221;4.4.8&#8243;][\/et_pb_accordion_item][et_pb_accordion_item title=&#8221;CONTACTEZ-NOUS !&#8221; _builder_version=&#8221;4.4.8&#8243; open=&#8221;off&#8221;][\/et_pb_accordion_item][\/et_pb_accordion][\/et_pb_column][et_pb_column type=&#8221;1_3&#8243; _builder_version=&#8221;4.4.8&#8243;][et_pb_accordion _builder_version=&#8221;4.4.8&#8243; background_color=&#8221;#12876f&#8221;][et_pb_accordion_item title=&#8221;UNIVERSITES&#8221; open=&#8221;on&#8221; _builder_version=&#8221;4.4.8&#8243;][\/et_pb_accordion_item][et_pb_accordion_item title=&#8221;CONTACTEZ-NOUS !&#8221; _builder_version=&#8221;4.4.8&#8243; open=&#8221;off&#8221;][\/et_pb_accordion_item][\/et_pb_accordion][\/et_pb_column][\/et_pb_row][et_pb_row _builder_version=&#8221;4.4.8&#8243; custom_padding=&#8221;37px|||||&#8221;][et_pb_column type=&#8221;4_4&#8243; _builder_version=&#8221;4.4.8&#8243;][et_pb_text _builder_version=&#8221;4.4.8&#8243;]<\/p>\n<p style=\"text-align: center;\"><b>A destination du tout public :<\/b><\/p>\n<p>[\/et_pb_text][\/et_pb_column][\/et_pb_row][et_pb_row column_structure=&#8221;1_3,1_3,1_3&#8243; _builder_version=&#8221;4.4.8&#8243; custom_padding=&#8221;54px|||||&#8221;][et_pb_column type=&#8221;1_3&#8243; _builder_version=&#8221;4.4.8&#8243;][et_pb_accordion _builder_version=&#8221;4.4.8&#8243; background_color=&#8221;#8b68ee&#8221; hover_enabled=&#8221;0&#8243;][et_pb_accordion_item title=&#8221;RESTO DANS LE NOIR&#8221; open=&#8221;off&#8221; open_toggle_text_color=&#8221;#000000&#8243; _builder_version=&#8221;4.4.8&#8243; background_color=&#8221;#ffffff&#8221; background_enable_color=&#8221;on&#8221; toggle_text_color=&#8221;#0c71c3&#8243;][\/et_pb_accordion_item][et_pb_accordion_item title=&#8221;LE CONCEPT&#8221; open_toggle_text_color=&#8221;#000000&#8243; _builder_version=&#8221;4.4.8&#8243; background_color=&#8221;#ffffff&#8221; background_enable_color=&#8221;on&#8221; toggle_text_color=&#8221;#0c71c3&#8243; open=&#8221;off&#8221;]<\/p>\n<p>En 2024, et fort du succ\u00e8s rencontr\u00e9 au cours des derni\u00e8res ann\u00e9es, UniversJo a relanc\u00e9 l&#8217;organisation des &#8220;repas dans le noir&#8221;. Les repas dans le\u00a0noir ont pour but de faire d\u00e9couvrir la cuisine et les saveurs autrement, de\u00a0permettre la mise en avant d&#8217;autres sens que la vue, et de permettre ainsi au\u00a0tout public de s&#8217;immerger le temps d&#8217;une soir\u00e9e dans une exp\u00e9rience\u00a0sensorielle nouvelle. Ces repas, accessibles aux personnes d\u00e9ficientes visuelles et aux personnes voyantes, ont pour but \u00e9galement de partager un moment d&#8217;\u00e9change\u00a0et de sensibilisation convivial autour des enjeux du handicap visuel.<\/p>\n<p><a href=\"https:\/\/universjo.com\/fantazy-amour-food-10-sur-32\/\"><img loading=\"lazy\" decoding=\"async\" src=\"https:\/\/universjo.com\/wp-content\/uploads\/2020\/06\/fantazy-amour-food-10-sur-32-300x200.jpg\" width=\"300\" height=\"200\" alt=\"\" class=\"wp-image-201 alignnone size-medium\" style=\"display: block; margin-left: auto; margin-right: auto;\" \/><\/a><\/p>\n<p>[\/et_pb_accordion_item][et_pb_accordion_item title=&#8221;LES PROCHAINS DATES !  &#8221; _builder_version=&#8221;4.4.8&#8243; hover_enabled=&#8221;0&#8243; open=&#8221;on&#8221;]<\/p>\n<p><span color=\"#000000\"><span><strong>Jeudi 6 mars 2025 \/ 19h15<\/strong><\/span> :<\/p>\n<p>Dans le cadre de ces d\u00eeners \u00e0 th\u00e8me du jeudi soir, l&#8217;association &#8220;Les petites cantines&#8221; de Metz vous propose <strong>un repas dans le noir jeudi 6 mars \u00e0 19h15<\/strong>.<\/span><span color=\"#000000\"><\/p>\n<p>&gt; Certains d&#8217;entre vous connaissent tr\u00e8s bien ce restaurant social et solidaire qui porpose une cuisine ouverte et participative. Nous serons pr\u00e9sents avec UniversJo afin d&#8217;\u00e9voquer ce qu&#8217;est le handicap visuel de mani\u00e8re ludique et sensibiliser avec les personnes qui participeront \u00e0 ce d\u00eener&#8230;<br \/> <\/span><span color=\"#000000\"><br \/> Pour r\u00e9server (il n&#8217;y a que 28 places !) inscrivez-vous directement aupr\u00e8s des Petites Cantines 06 42 14 29 97 ou par email : metz@lespetitescantines.org<\/span><\/p>\n<p><span color=\"#000000\"><\/span><\/p>\n<p><span color=\"#000000\"><a href=\"https:\/\/universjo.com\/capture-decrans_20250218-215057\/\"><img loading=\"lazy\" decoding=\"async\" src=\"https:\/\/universjo.com\/wp-content\/uploads\/2025\/02\/Capture-d\u00e9crans_20250218-215057-300x300.png\" width=\"300\" height=\"300\" alt=\"\" class=\"wp-image-842 alignnone size-medium\" style=\"display: block; margin-left: auto; margin-right: auto;\" srcset=\"https:\/\/universjo.com\/wp-content\/uploads\/2025\/02\/Capture-d\u00e9crans_20250218-215057-300x300.png 300w, https:\/\/universjo.com\/wp-content\/uploads\/2025\/02\/Capture-d\u00e9crans_20250218-215057-150x150.png 150w, https:\/\/universjo.com\/wp-content\/uploads\/2025\/02\/Capture-d\u00e9crans_20250218-215057-480x479.png 480w, https:\/\/universjo.com\/wp-content\/uploads\/2025\/02\/Capture-d\u00e9crans_20250218-215057.png 659w\" sizes=\"auto, (max-width: 300px) 100vw, 300px\" \/><\/a><\/span><\/p>\n<p>[\/et_pb_accordion_item][et_pb_accordion_item title=&#8221;DATES PASSEES&#8221; _builder_version=&#8221;4.4.8&#8243; open=&#8221;off&#8221;]<\/p>\n<p><em>Novembre 2023 &#8211; Resto dans le noir avec La Fleur de Ly<br \/> Janvier 2024 &#8211; Resto dans le noir avec Les Petites cantines et Metz M\u00e9c\u00e8nes Solidaires<\/em><\/p>\n<p>[\/et_pb_accordion_item][\/et_pb_accordion][\/et_pb_column][et_pb_column type=&#8221;1_3&#8243; _builder_version=&#8221;4.4.8&#8243;][et_pb_accordion _builder_version=&#8221;4.4.8&#8243; background_color=&#8221;#1fe0ba&#8221;][et_pb_accordion_item title=&#8221;COURSE SOLIDAIRE EN ECOLE&#8221; open=&#8221;on&#8221; _builder_version=&#8221;4.4.8&#8243;][\/et_pb_accordion_item][et_pb_accordion_item title=&#8221;LE CONCEPT&#8221; _builder_version=&#8221;4.4.8&#8243; open=&#8221;off&#8221;]<\/p>\n<p><span>Certains \u00e9tablissements nous soutiennent \u00e9galement par le biais de l\u2019organisation de course solidaire au profit d&#8217;UniversJo, merci \u00e0 eux !<\/span><\/p>\n<p>[\/et_pb_accordion_item][et_pb_accordion_item title=&#8221;ORGANISER UNE COURSE DANS SON ECOLE&#8221; _builder_version=&#8221;4.4.8&#8243; open=&#8221;off&#8221;]<\/p>\n<p>Contactez-nous : universjo@gmail.com<\/p>\n<p>[\/et_pb_accordion_item][\/et_pb_accordion][\/et_pb_column][et_pb_column type=&#8221;1_3&#8243; _builder_version=&#8221;4.4.8&#8243;][\/et_pb_column][\/et_pb_row][\/et_pb_section][et_pb_section fb_built=&#8221;1&#8243; _builder_version=&#8221;4.4.8&#8243; custom_padding=&#8221;||0px|||&#8221;][et_pb_row _builder_version=&#8221;4.4.8&#8243; custom_padding=&#8221;||0px|||&#8221;][et_pb_column type=&#8221;4_4&#8243; _builder_version=&#8221;4.4.8&#8243;][et_pb_divider _builder_version=&#8221;4.4.8&#8243;][\/et_pb_divider][et_pb_text _builder_version=&#8221;4.4.8&#8243; text_font=&#8221;Nanum Pen Script|700|||||||&#8221; text_text_color=&#8221;#0a4253&#8243; text_font_size=&#8221;36px&#8221; custom_margin=&#8221;-16px||8px|||&#8221; custom_padding=&#8221;||0px|||&#8221; link_option_url=&#8221;https:\/\/www.facebook.com\/UniversJoMetz&#8221;]<\/p>\n<p style=\"text-align: center;\">Suis nos aventures sur Facebook !<\/p>\n<p>[\/et_pb_text][\/et_pb_column][\/et_pb_row][et_pb_row _builder_version=&#8221;4.4.8&#8243; custom_padding=&#8221;0px||12px|||&#8221;][et_pb_column type=&#8221;4_4&#8243; _builder_version=&#8221;4.4.8&#8243;][et_pb_image src=&#8221;https:\/\/universjo.com\/wp-content\/uploads\/2020\/07\/Facebooklogo.png&#8221; title_text=&#8221;Facebooklogo&#8221; url=&#8221;https:\/\/www.facebook.com\/UniversJoMetz&#8221; _builder_version=&#8221;4.4.8&#8243; width=&#8221;6%&#8221; width_tablet=&#8221;10%&#8221; width_phone=&#8221;20%&#8221; width_last_edited=&#8221;on|desktop&#8221; module_alignment=&#8221;center&#8221;][\/et_pb_image][\/et_pb_column][\/et_pb_row][et_pb_row _builder_version=&#8221;4.4.8&#8243; custom_margin=&#8221;-58px|auto||auto||&#8221;][et_pb_column type=&#8221;4_4&#8243; _builder_version=&#8221;4.4.8&#8243;][et_pb_divider show_divider=&#8221;off&#8221; _builder_version=&#8221;4.4.8&#8243; custom_margin=&#8221;||10px||false|false&#8221; custom_margin_tablet=&#8221;&#8221; custom_margin_phone=&#8221;&#8221; custom_margin_last_edited=&#8221;on|desktop&#8221;][\/et_pb_divider][et_pb_image src=&#8221;https:\/\/universjo.com\/wp-content\/uploads\/2020\/07\/envoie-nous-un-message.jpg&#8221; title_text=&#8221;envoie nous un message&#8221; show_bottom_space=&#8221;off&#8221; _builder_version=&#8221;4.4.8&#8243; width=&#8221;10%&#8221; width_tablet=&#8221;10%&#8221; width_phone=&#8221;20%&#8221; width_last_edited=&#8221;on|phone&#8221; module_alignment=&#8221;center&#8221;][\/et_pb_image][et_pb_contact_form captcha=&#8221;off&#8221; email=&#8221;UniVersJo@gmail.com&#8221; title=&#8221;Laisse-nous un message !&#8221; _builder_version=&#8221;4.4.8&#8243; form_field_background_color=&#8221;#0a4253&#8243; form_field_text_color=&#8221;#ffffff&#8221; title_font=&#8221;Nanum Pen Script|700|||||||&#8221; title_text_color=&#8221;#0a4253&#8243; form_field_text_align=&#8221;left&#8221; custom_button=&#8221;on&#8221; button_text_size=&#8221;21px&#8221; button_text_color=&#8221;#000000&#8243; button_bg_color=&#8221;#edf000&#8243; button_border_color=&#8221;rgba(255,255,255,0)&#8221; button_border_radius=&#8221;100px&#8221; box_shadow_style=&#8221;preset3&#8243; box_shadow_spread=&#8221;-14px&#8221; box_shadow_style_button=&#8221;preset3&#8243; box_shadow_spread_button=&#8221;-12px&#8221;][et_pb_contact_field field_id=&#8221;Name&#8221; field_title=&#8221;Ton nom&#8221; _builder_version=&#8221;4.4.8&#8243;][\/et_pb_contact_field][et_pb_contact_field field_id=&#8221;Email&#8221; field_title=&#8221;Ton adresse e-mail&#8221; field_type=&#8221;email&#8221; _builder_version=&#8221;4.4.8&#8243; button_text_size__hover_enabled=&#8221;off&#8221; button_one_text_size__hover_enabled=&#8221;off&#8221; button_two_text_size__hover_enabled=&#8221;off&#8221; button_text_color__hover_enabled=&#8221;off&#8221; button_one_text_color__hover_enabled=&#8221;off&#8221; button_two_text_color__hover_enabled=&#8221;off&#8221; button_border_width__hover_enabled=&#8221;off&#8221; button_one_border_width__hover_enabled=&#8221;off&#8221; button_two_border_width__hover_enabled=&#8221;off&#8221; button_border_color__hover_enabled=&#8221;off&#8221; button_one_border_color__hover_enabled=&#8221;off&#8221; button_two_border_color__hover_enabled=&#8221;off&#8221; button_border_radius__hover_enabled=&#8221;off&#8221; button_one_border_radius__hover_enabled=&#8221;off&#8221; button_two_border_radius__hover_enabled=&#8221;off&#8221; button_letter_spacing__hover_enabled=&#8221;off&#8221; button_one_letter_spacing__hover_enabled=&#8221;off&#8221; button_two_letter_spacing__hover_enabled=&#8221;off&#8221; button_bg_color__hover_enabled=&#8221;off&#8221; button_one_bg_color__hover_enabled=&#8221;off&#8221; button_two_bg_color__hover_enabled=&#8221;off&#8221;][\/et_pb_contact_field][et_pb_contact_field field_id=&#8221;Message&#8221; field_title=&#8221;Ton message&#8221; field_type=&#8221;text&#8221; fullwidth_field=&#8221;on&#8221; _builder_version=&#8221;4.4.8&#8243; button_text_size__hover_enabled=&#8221;off&#8221; button_one_text_size__hover_enabled=&#8221;off&#8221; button_two_text_size__hover_enabled=&#8221;off&#8221; button_text_color__hover_enabled=&#8221;off&#8221; button_one_text_color__hover_enabled=&#8221;off&#8221; button_two_text_color__hover_enabled=&#8221;off&#8221; button_border_width__hover_enabled=&#8221;off&#8221; button_one_border_width__hover_enabled=&#8221;off&#8221; button_two_border_width__hover_enabled=&#8221;off&#8221; button_border_color__hover_enabled=&#8221;off&#8221; button_one_border_color__hover_enabled=&#8221;off&#8221; button_two_border_color__hover_enabled=&#8221;off&#8221; button_border_radius__hover_enabled=&#8221;off&#8221; button_one_border_radius__hover_enabled=&#8221;off&#8221; button_two_border_radius__hover_enabled=&#8221;off&#8221; button_letter_spacing__hover_enabled=&#8221;off&#8221; button_one_letter_spacing__hover_enabled=&#8221;off&#8221; button_two_letter_spacing__hover_enabled=&#8221;off&#8221; button_bg_color__hover_enabled=&#8221;off&#8221; button_one_bg_color__hover_enabled=&#8221;off&#8221; button_two_bg_color__hover_enabled=&#8221;off&#8221;][\/et_pb_contact_field][\/et_pb_contact_form][\/et_pb_column][\/et_pb_row][et_pb_row _builder_version=&#8221;4.4.8&#8243;][et_pb_column type=&#8221;4_4&#8243; _builder_version=&#8221;4.4.8&#8243;][et_pb_divider show_divider=&#8221;off&#8221; _builder_version=&#8221;4.4.8&#8243; width=&#8221;100%&#8221; max_width=&#8221;100%&#8221;][\/et_pb_divider][\/et_pb_column][\/et_pb_row][et_pb_row _builder_version=&#8221;4.4.8&#8243;][et_pb_column type=&#8221;4_4&#8243; _builder_version=&#8221;4.4.8&#8243;][\/et_pb_column][\/et_pb_row][\/et_pb_section]<\/p>\n","protected":false},"excerpt":{"rendered":"<p>[et_pb_section fb_built=&#8221;1&#8243; fullwidth=&#8221;on&#8221; admin_label=&#8221;Page Header&#8221; _builder_version=&#8221;4.4.8&#8243; background_color=&#8221;rgba(180,222,231,0.38)&#8221; background_enable_color=&#8221;off&#8221; background_image=&#8221;https:\/\/universjo.com\/wp-content\/uploads\/2020\/06\/IMG_1607-scaled.jpg&#8221; min_height=&#8221;100px&#8221;][et_pb_fullwidth_header text_orientation=&#8221;center&#8221; background_overlay_color=&#8221;rgba(54,131,193,0.51)&#8221; admin_label=&#8221;Hero Section&#8221; _builder_version=&#8221;4.4.8&#8243; title_font=&#8221;Montserrat|on|||&#8221; title_font_size=&#8221;60px&#8221; title_line_height=&#8221;1.4em&#8221; content_font=&#8221;Montserrat|600|||||||&#8221; content_font_size=&#8221;50px&#8221; content_line_height=&#8221;1em&#8221; subhead_font=&#8221;||||&#8221; background_enable_color=&#8221;off&#8221; custom_button_one=&#8221;on&#8221; button_one_text_size=&#8221;16px&#8221; button_one_bg_color=&#8221;#6eba01&#8243; button_one_border_width=&#8221;2px&#8221; button_one_border_color=&#8221;#6eba01&#8243; button_one_border_radius=&#8221;0&#8243; button_one_letter_spacing=&#8221;2&#8243; button_one_font=&#8221;Montserrat|||on|&#8221; button_one_use_icon=&#8221;off&#8221; custom_button_two=&#8221;on&#8221; button_two_text_size=&#8221;16px&#8221; button_two_border_width=&#8221;2px&#8221; button_two_border_color=&#8221;#ffffff&#8221; button_two_border_radius=&#8221;0&#8243; button_two_letter_spacing=&#8221;2&#8243; button_two_font=&#8221;Montserrat|||on|&#8221; button_two_use_icon=&#8221;off&#8221; transform_scale_tablet=&#8221;&#8221; transform_scale_phone=&#8221;&#8221; transform_scale_last_edited=&#8221;on|desktop&#8221; transform_translate_tablet=&#8221;&#8221; transform_translate_phone=&#8221;&#8221; transform_translate_last_edited=&#8221;on|desktop&#8221; transform_rotate_tablet=&#8221;&#8221; transform_rotate_phone=&#8221;&#8221; transform_rotate_last_edited=&#8221;on|desktop&#8221; transform_skew_tablet=&#8221;&#8221; transform_skew_phone=&#8221;&#8221; transform_skew_last_edited=&#8221;on|desktop&#8221; transform_origin_tablet=&#8221;&#8221; transform_origin_phone=&#8221;&#8221; transform_origin_last_edited=&#8221;on|desktop&#8221; [&hellip;]<\/p>\n","protected":false},"author":1,"featured_media":0,"parent":0,"menu_order":0,"comment_status":"closed","ping_status":"closed","template":"","meta":{"_et_pb_use_builder":"on","_et_pb_old_content":"","_et_gb_content_width":"","footnotes":""},"class_list":["post-659","page","type-page","status-publish","hentry"],"_links":{"self":[{"href":"https:\/\/universjo.com\/index.php\/wp-json\/wp\/v2\/pages\/659","targetHints":{"allow":["GET"]}}],"collection":[{"href":"https:\/\/universjo.com\/index.php\/wp-json\/wp\/v2\/pages"}],"about":[{"href":"https:\/\/universjo.com\/index.php\/wp-json\/wp\/v2\/types\/page"}],"author":[{"embeddable":true,"href":"https:\/\/universjo.com\/index.php\/wp-json\/wp\/v2\/users\/1"}],"replies":[{"embeddable":true,"href":"https:\/\/universjo.com\/index.php\/wp-json\/wp\/v2\/comments?post=659"}],"version-history":[{"count":9,"href":"https:\/\/universjo.com\/index.php\/wp-json\/wp\/v2\/pages\/659\/revisions"}],"predecessor-version":[{"id":853,"href":"https:\/\/universjo.com\/index.php\/wp-json\/wp\/v2\/pages\/659\/revisions\/853"}],"wp:attachment":[{"href":"https:\/\/universjo.com\/index.php\/wp-json\/wp\/v2\/media?parent=659"}],"curies":[{"name":"wp","href":"https:\/\/api.w.org\/{rel}","templated":true}]}}