{"id":149,"date":"2020-06-29T17:39:00","date_gmt":"2020-06-29T15:39:00","guid":{"rendered":"https:\/\/universjo.com\/?page_id=149"},"modified":"2023-08-07T20:29:28","modified_gmt":"2023-08-07T18:29:28","slug":"149-2","status":"publish","type":"page","link":"https:\/\/universjo.com\/index.php\/149-2\/","title":{"rendered":"Presse"},"content":{"rendered":"<p>[et_pb_section fb_built=&#8221;1&#8243; fullwidth=&#8221;on&#8221; admin_label=&#8221;Page Header&#8221; _builder_version=&#8221;4.4.8&#8243; background_color=&#8221;rgba(180,222,231,0.38)&#8221; background_enable_color=&#8221;off&#8221; background_image=&#8221;https:\/\/universjo.com\/wp-content\/uploads\/2020\/06\/IMG_1529-scaled-e1593450230382.jpg&#8221; min_height=&#8221;100px&#8221;][et_pb_fullwidth_header text_orientation=&#8221;center&#8221; background_overlay_color=&#8221;rgba(54,131,193,0.51)&#8221; admin_label=&#8221;Hero Section&#8221; _builder_version=&#8221;4.4.8&#8243; title_font=&#8221;Montserrat|on|||&#8221; title_font_size=&#8221;60px&#8221; title_line_height=&#8221;1.4em&#8221; content_font=&#8221;Montserrat|600|||||||&#8221; content_font_size=&#8221;50px&#8221; content_line_height=&#8221;1em&#8221; subhead_font=&#8221;||||&#8221; background_enable_color=&#8221;off&#8221; custom_button_one=&#8221;on&#8221; button_one_text_size=&#8221;16px&#8221; button_one_bg_color=&#8221;#6eba01&#8243; button_one_border_width=&#8221;2px&#8221; button_one_border_color=&#8221;#6eba01&#8243; button_one_border_radius=&#8221;0&#8243; button_one_letter_spacing=&#8221;2&#8243; button_one_font=&#8221;Montserrat|||on|&#8221; button_one_use_icon=&#8221;off&#8221; custom_button_two=&#8221;on&#8221; button_two_text_size=&#8221;16px&#8221; button_two_border_width=&#8221;2px&#8221; button_two_border_color=&#8221;#ffffff&#8221; button_two_border_radius=&#8221;0&#8243; button_two_letter_spacing=&#8221;2&#8243; button_two_font=&#8221;Montserrat|||on|&#8221; button_two_use_icon=&#8221;off&#8221; transform_scale_tablet=&#8221;&#8221; transform_scale_phone=&#8221;&#8221; transform_scale_last_edited=&#8221;on|desktop&#8221; transform_translate_tablet=&#8221;&#8221; transform_translate_phone=&#8221;&#8221; transform_translate_last_edited=&#8221;on|desktop&#8221; transform_rotate_tablet=&#8221;&#8221; transform_rotate_phone=&#8221;&#8221; transform_rotate_last_edited=&#8221;on|desktop&#8221; transform_skew_tablet=&#8221;&#8221; transform_skew_phone=&#8221;&#8221; transform_skew_last_edited=&#8221;on|desktop&#8221; transform_origin_tablet=&#8221;&#8221; transform_origin_phone=&#8221;&#8221; transform_origin_last_edited=&#8221;on|desktop&#8221; transform_styles_last_edited=&#8221;on|desktop&#8221; max_width=&#8221;100%&#8221; height=&#8221;400px&#8221; animation_style=&#8221;fade&#8221; transform_styles_tablet=&#8221;&#8221; transform_styles_phone=&#8221;&#8221; text_shadow_style=&#8221;preset1&#8243; button_one_text_color_hover=&#8221;#6eba01&#8243; button_two_text_color_hover=&#8221;#6eba01&#8243; button_one_border_color_hover=&#8221;#ffffff&#8221; button_two_border_color_hover=&#8221;#ffffff&#8221; button_one_border_radius_hover=&#8221;0&#8243; button_two_border_radius_hover=&#8221;0&#8243; button_one_letter_spacing_hover=&#8221;2&#8243; button_two_letter_spacing_hover=&#8221;2&#8243; button_one_bg_color_hover=&#8221;#ffffff&#8221; button_two_bg_color_hover=&#8221;#ffffff&#8221; button_one_text_size__hover_enabled=&#8221;off&#8221; button_two_text_size__hover_enabled=&#8221;off&#8221; button_one_text_color__hover_enabled=&#8221;on&#8221; button_one_text_color__hover=&#8221;#6eba01&#8243; button_two_text_color__hover_enabled=&#8221;on&#8221; button_two_text_color__hover=&#8221;#6eba01&#8243; button_one_border_width__hover_enabled=&#8221;off&#8221; button_two_border_width__hover_enabled=&#8221;off&#8221; button_one_border_color__hover_enabled=&#8221;on&#8221; button_one_border_color__hover=&#8221;#ffffff&#8221; button_two_border_color__hover_enabled=&#8221;on&#8221; button_two_border_color__hover=&#8221;#ffffff&#8221; button_one_border_radius__hover_enabled=&#8221;on&#8221; button_one_border_radius__hover=&#8221;0&#8243; button_two_border_radius__hover_enabled=&#8221;on&#8221; button_two_border_radius__hover=&#8221;0&#8243; button_one_letter_spacing__hover_enabled=&#8221;on&#8221; button_one_letter_spacing__hover=&#8221;2&#8243; button_two_letter_spacing__hover_enabled=&#8221;on&#8221; button_two_letter_spacing__hover=&#8221;2&#8243; button_one_bg_color__hover_enabled=&#8221;on&#8221; button_one_bg_color__hover=&#8221;#ffffff&#8221; button_two_bg_color__hover_enabled=&#8221;on&#8221; button_two_bg_color__hover=&#8221;#ffffff&#8221;]<\/p>\n<p>&nbsp;<\/p>\n<p>&nbsp;<\/p>\n<p>Presse<\/p>\n<p>[\/et_pb_fullwidth_header][\/et_pb_section][et_pb_section fb_built=&#8221;1&#8243; admin_label=&#8221;Projects&#8221; _builder_version=&#8221;4.4.8&#8243; custom_padding=&#8221;0px||0px||false|false&#8221;][et_pb_row column_structure=&#8221;1_2,1_2&#8243; _builder_version=&#8221;4.4.8&#8243;][et_pb_column type=&#8221;1_2&#8243; _builder_version=&#8221;4.4.8&#8243;][et_pb_button button_url=&#8221;https:\/\/www.helloasso.com\/associations\/universjo&#8221; button_text=&#8221;Notre page HelloAsso&#8221; button_alignment=&#8221;right&#8221; _builder_version=&#8221;4.4.8&#8243; custom_button=&#8221;on&#8221; button_text_size=&#8221;25px&#8221; button_text_color=&#8221;#000000&#8243; custom_margin=&#8221;||22px||false|false&#8221;][\/et_pb_button][\/et_pb_column][et_pb_column type=&#8221;1_2&#8243; _builder_version=&#8221;4.4.8&#8243;][et_pb_button button_url=&#8221;https:\/\/www.facebook.com\/UniversJoMetz&#8221; button_text=&#8221;Notre page Facebook&#8221; button_alignment=&#8221;left&#8221; _builder_version=&#8221;4.4.8&#8243; custom_button=&#8221;on&#8221; button_text_size=&#8221;25px&#8221; button_text_color=&#8221;#000000&#8243; custom_margin=&#8221;||22px||false|false&#8221;][\/et_pb_button][\/et_pb_column][\/et_pb_row][et_pb_row _builder_version=&#8221;4.4.8&#8243;][et_pb_column type=&#8221;4_4&#8243; _builder_version=&#8221;4.4.8&#8243;][et_pb_image src=&#8221;https:\/\/universjo.com\/wp-content\/uploads\/2023\/08\/Screenshot_20230807_202722.png&#8221; _builder_version=&#8221;4.4.8&#8243; title_text=&#8221;Video TF1&#8243; url=&#8221;https:\/\/www.tf1info.fr\/sport\/video-je-vis-le-match-en-direct-malvoyant-joachim-a-pu-suivre-la-victoire-de-metz-contre-bastia-grace-a-l-audiodescription-football-bordeaux-rodez-2259186.html&#8221; width=&#8221;70%&#8221; module_alignment=&#8221;center&#8221; border_radii=&#8221;on|8px|8px|8px|8px&#8221; border_width_all=&#8221;3px&#8221;][\/et_pb_image][et_pb_image src=&#8221;https:\/\/universjo.com\/wp-content\/uploads\/2023\/05\/firefox_HfLBHXrFq5.png&#8221; title_text=&#8221;Video Brut 2&#8243; url=&#8221;https:\/\/www.brut.media\/fr\/sport\/au-stade-avec-joachim-8-ans-malvoyant-9dcc0f1b-8f70-4148-838c-ab17791ce93e&#8221; _builder_version=&#8221;4.4.8&#8243; module_alignment=&#8221;center&#8221; width=&#8221;70%&#8221; border_radii=&#8221;on|8px|8px|8px|8px&#8221; border_width_all=&#8221;3px&#8221;][\/et_pb_image][et_pb_image src=&#8221;https:\/\/universjo.com\/wp-content\/uploads\/2023\/04\/Screenshot_20230421_112000.png&#8221; alt=&#8221;Article brut&#8221; title_text=&#8221;Article brut&#8221; url=&#8221;https:\/\/www.brut.media\/fr\/health\/malvoyant-et-age-de-4-ans-joachim-apprend-a-vivre-avec-son-handicap-5e968244-bc58-46f2-ae14-1a5f8b55ef04&#8243; _builder_version=&#8221;4.4.8&#8243; width=&#8221;70%&#8221; module_alignment=&#8221;center&#8221; border_radii=&#8221;on|8px|8px|8px|8px&#8221; border_width_all=&#8221;3px&#8221;][\/et_pb_image][\/et_pb_column][\/et_pb_row][et_pb_row _builder_version=&#8221;4.4.8&#8243; background_size=&#8221;initial&#8221; background_position=&#8221;top_left&#8221; background_repeat=&#8221;repeat&#8221; custom_padding=&#8221;45px|||&#8221; locked=&#8221;off&#8221;][et_pb_column type=&#8221;4_4&#8243; _builder_version=&#8221;4.4.8&#8243; custom_padding=&#8221;|||&#8221; custom_padding__hover=&#8221;|||&#8221;][\/et_pb_column][\/et_pb_row][et_pb_row _builder_version=&#8221;4.4.8&#8243;][et_pb_column type=&#8221;4_4&#8243; _builder_version=&#8221;4.4.8&#8243;][et_pb_divider _builder_version=&#8221;4.4.8&#8243; locked=&#8221;off&#8221;][\/et_pb_divider][et_pb_text _builder_version=&#8221;4.4.8&#8243;]<\/p>\n<h1>Audio description des matchs<\/h1>\n<p>[\/et_pb_text][et_pb_image src=&#8221;https:\/\/universjo.com\/wp-content\/uploads\/2023\/04\/Screenshot_20230421_112606.png&#8221; title_text=&#8221;Article F3&#8243; url=&#8221;https:\/\/france3-regions.francetvinfo.fr\/grand-est\/moselle\/metz\/football-et-handicap-visuel-un-dispositif-d-audiodescription-pour-les-supporters-aveugles-ou-malvoyants-2729162.html&#8221; _builder_version=&#8221;4.4.8&#8243; width=&#8221;70%&#8221; module_alignment=&#8221;center&#8221; animation_style=&#8221;fade&#8221; border_radii=&#8221;on|8px|8px|8px|8px&#8221; border_width_all=&#8221;3px&#8221; box_shadow_style=&#8221;preset1&#8243;][\/et_pb_image][et_pb_image src=&#8221;https:\/\/universjo.com\/wp-content\/uploads\/2023\/04\/Screenshot_20230421_112638.png&#8221; title_text=&#8221;Article ML2&#8243; url=&#8221;https:\/\/maligue2.fr\/2023\/03\/08\/metz-la-belle-operation-du-club-a-destination-des-supporters-aveugles-ou-malvoyants\/&#8221; _builder_version=&#8221;4.4.8&#8243; width=&#8221;70%&#8221; module_alignment=&#8221;center&#8221; border_radii=&#8221;on|8px|8px|8px|8px&#8221; border_width_all=&#8221;3px&#8221;][\/et_pb_image][et_pb_image src=&#8221;https:\/\/universjo.com\/wp-content\/uploads\/2023\/04\/Screenshot_20230421_112658.png&#8221; title_text=&#8221;Article FC Metz&#8221; url=&#8221;https:\/\/www.fcmetz.com\/2022-2023\/actualites\/club\/audiodescription-saint-symphorien&#8221; _builder_version=&#8221;4.4.8&#8243; width=&#8221;70%&#8221; module_alignment=&#8221;center&#8221; hover_enabled=&#8221;0&#8243; border_radii=&#8221;on|8px|8px|8px|8px&#8221; border_width_all=&#8221;3px&#8221;][\/et_pb_image][et_pb_image src=&#8221;https:\/\/universjo.com\/wp-content\/uploads\/2023\/04\/Screenshot_20230421_112715.png&#8221; title_text=&#8221;Article RL2&#8243; url=&#8221;https:\/\/www.republicain-lorrain.fr\/sport\/2023\/03\/07\/ils-seront-les-yeux-des-supporters-deficients-visuels-du-fc-metz&#8221; _builder_version=&#8221;4.4.8&#8243; width=&#8221;70%&#8221; module_alignment=&#8221;center&#8221; border_radii=&#8221;on|8px|8px|8px|8px&#8221; border_width_all=&#8221;3px&#8221;][\/et_pb_image][et_pb_image src=&#8221;https:\/\/universjo.com\/wp-content\/uploads\/2023\/04\/Screenshot_20230421_112733.png&#8221; title_text=&#8221;Article RL3&#8243; url=&#8221;https:\/\/www.republicain-lorrain.fr\/sport\/2023\/03\/15\/audiodescription-pour-les-matches-du-fc-metz-sortir-les-deficients-visuels-de-l-isolement&#8221; _builder_version=&#8221;4.4.8&#8243; width=&#8221;70%&#8221; module_alignment=&#8221;center&#8221; border_radii=&#8221;on|8px|8px|8px|8px&#8221; border_width_all=&#8221;3px&#8221;][\/et_pb_image][et_pb_image src=&#8221;https:\/\/universjo.com\/wp-content\/uploads\/2023\/04\/Screenshot_20230421_112744.png&#8221; title_text=&#8221;Article RM&#8221; url=&#8221;https:\/\/www.radiomelodie.com\/a\/17858-les-personnes-aveugles-ou-malvoyantes-vont-pouvoir-suivre-les-matchs-du-fc-metz-au-stade&#8221; _builder_version=&#8221;4.4.8&#8243; width=&#8221;70%&#8221; module_alignment=&#8221;center&#8221; border_radii=&#8221;on|8px|8px|8px|8px&#8221; border_width_all=&#8221;3px&#8221;][\/et_pb_image][et_pb_image src=&#8221;https:\/\/universjo.com\/wp-content\/uploads\/2023\/04\/Screenshot_20230421_112756.png&#8221; title_text=&#8221;Article RL4&#8243; url=&#8221;https:\/\/www.republicain-lorrain.fr\/sport\/2023\/03\/15\/le-but-c-est-de-le-proposer-lors-de-tous-les-matches-du-fc-metz&#8221; _builder_version=&#8221;4.4.8&#8243; width=&#8221;70%&#8221; module_alignment=&#8221;center&#8221; border_radii=&#8221;on|8px|8px|8px|8px&#8221; border_width_all=&#8221;3px&#8221;][\/et_pb_image][\/et_pb_column][\/et_pb_row][et_pb_row _builder_version=&#8221;4.4.8&#8243;][et_pb_column type=&#8221;4_4&#8243; _builder_version=&#8221;4.4.8&#8243;][et_pb_divider show_divider=&#8221;off&#8221; _builder_version=&#8221;4.4.8&#8243;][\/et_pb_divider][et_pb_divider _builder_version=&#8221;4.4.8&#8243; locked=&#8221;off&#8221;][\/et_pb_divider][et_pb_text _builder_version=&#8221;4.4.8&#8243;]<\/p>\n<h2>Actions de sensibilitation<\/h2>\n<p>[\/et_pb_text][et_pb_video src=&#8221;https:\/\/www.dailymotion.com\/video\/x7rsxms&#8221; _builder_version=&#8221;4.4.8&#8243; width=&#8221;70%&#8221; module_alignment=&#8221;center&#8221; border_radii=&#8221;on|8px|8px|8px|8px&#8221; border_width_all=&#8221;3px&#8221;][\/et_pb_video][et_pb_video src=&#8221;https:\/\/www.dailymotion.com\/video\/x7rstm6&#8243; _builder_version=&#8221;4.4.8&#8243; width=&#8221;70%&#8221; module_alignment=&#8221;center&#8221; border_radii=&#8221;on|8px|8px|8px|8px&#8221; border_width_all=&#8221;3px&#8221;][\/et_pb_video][et_pb_video src=&#8221;https:\/\/www.youtube.com\/watch?v=3OPkQQoz0Hc&#038;pp=ygUJdW5pdmVyc2pv&#8221; _builder_version=&#8221;4.4.8&#8243; width=&#8221;70%&#8221; module_alignment=&#8221;center&#8221; border_radii=&#8221;on|8px|8px|8px|8px&#8221; border_width_all=&#8221;3px&#8221;][\/et_pb_video][et_pb_video src=&#8221;https:\/\/www.youtube.com\/watch?v=AQR06czZ0JQ&#8221; _builder_version=&#8221;4.4.8&#8243; width=&#8221;70%&#8221; module_alignment=&#8221;center&#8221; border_radii=&#8221;on|8px|8px|8px|8px&#8221; border_width_all=&#8221;3px&#8221;][\/et_pb_video][\/et_pb_column][\/et_pb_row][et_pb_row _builder_version=&#8221;4.4.8&#8243;][et_pb_column type=&#8221;4_4&#8243; _builder_version=&#8221;4.4.8&#8243;][et_pb_divider _builder_version=&#8221;4.4.8&#8243; locked=&#8221;off&#8221;][\/et_pb_divider][et_pb_text _builder_version=&#8221;4.4.8&#8243;]<\/p>\n<h2>Clip musical<\/h2>\n<p>[\/et_pb_text][et_pb_video src=&#8221;https:\/\/www.youtube.com\/watch?v=aWBgPfQ6ylg&#8221; _builder_version=&#8221;4.4.8&#8243; width=&#8221;70%&#8221; module_alignment=&#8221;center&#8221; border_radii=&#8221;on|8px|8px|8px|8px&#8221; border_width_all=&#8221;3px&#8221;][\/et_pb_video][\/et_pb_column][\/et_pb_row][et_pb_row _builder_version=&#8221;4.4.8&#8243;][et_pb_column type=&#8221;4_4&#8243; _builder_version=&#8221;4.4.8&#8243;][et_pb_divider _builder_version=&#8221;4.4.8&#8243;][\/et_pb_divider][et_pb_text _builder_version=&#8221;4.4.8&#8243;]<\/p>\n<h2>Repas dans le noir<\/h2>\n<p>[\/et_pb_text][et_pb_image src=&#8221;https:\/\/universjo.com\/wp-content\/uploads\/2023\/04\/Screenshot_20230421_114144.png&#8221; alt=&#8221;Article RL4&#8243; title_text=&#8221;Screenshot_20230421_114144&#8243; url=&#8221;https:\/\/www.republicain-lorrain.fr\/edition-de-metz-ville\/2019\/10\/03\/venez-diner-dans-le-noir-avec-jo&#8221; _builder_version=&#8221;4.4.8&#8243; width=&#8221;70%&#8221; module_alignment=&#8221;center&#8221; border_radii=&#8221;on|8px|8px|8px|8px&#8221; border_width_all=&#8221;3px&#8221;][\/et_pb_image][et_pb_video src=&#8221;https:\/\/www.youtube.com\/watch?v=4HvD_oV1Ins&#8221; _builder_version=&#8221;4.4.8&#8243; width=&#8221;70%&#8221; module_alignment=&#8221;center&#8221; border_radii=&#8221;on|8px|8px|8px|8px&#8221; border_width_all=&#8221;3px&#8221;][\/et_pb_video][\/et_pb_column][\/et_pb_row][et_pb_row _builder_version=&#8221;4.4.8&#8243;][et_pb_column type=&#8221;4_4&#8243; _builder_version=&#8221;4.4.8&#8243;][et_pb_divider _builder_version=&#8221;4.4.8&#8243;][\/et_pb_divider][et_pb_text _builder_version=&#8221;4.4.8&#8243;]<\/p>\n<h2><span><strong>Tables ronde<\/strong><\/span><\/h2>\n<p>[\/et_pb_text][et_pb_image src=&#8221;https:\/\/universjo.com\/wp-content\/uploads\/2023\/04\/Screenshot_20230421_114606.png&#8221; alt=&#8221;Article RL4&#8243; title_text=&#8221;Journ\u00e9e canne blanche Handicap \u00e0 l&#8217;universit\u00e9&#8221; url=&#8221;https:\/\/ultv.univ-lorraine.fr\/video\/13308-live-twitch-table-ronde-1-handicap-a-luniversite\/&#8221; _builder_version=&#8221;4.4.8&#8243; width=&#8221;70%&#8221; module_alignment=&#8221;center&#8221; border_radii=&#8221;on|8px|8px|8px|8px&#8221; border_width_all=&#8221;3px&#8221;][\/et_pb_image][et_pb_image src=&#8221;https:\/\/universjo.com\/wp-content\/uploads\/2023\/04\/Screenshot_20230421_114618.png&#8221; alt=&#8221;Article RL4&#8243; title_text=&#8221;Journ\u00e9e canne blanche Handicap et culture&#8221; url=&#8221;https:\/\/ultv.univ-lorraine.fr\/video\/13308-live-twitch-table-ronde-1-handicap-a-luniversite\/&#8221; _builder_version=&#8221;4.4.8&#8243; width=&#8221;70%&#8221; module_alignment=&#8221;center&#8221; border_radii=&#8221;on|8px|8px|8px|8px&#8221; border_width_all=&#8221;3px&#8221;][\/et_pb_image][et_pb_image src=&#8221;https:\/\/universjo.com\/wp-content\/uploads\/2023\/04\/Screenshot_20230421_114628.png&#8221; alt=&#8221;Article RL4&#8243; title_text=&#8221;Journ\u00e9e canne blanche Handisport&#8221; url=&#8221;https:\/\/www.republicain-lorrain.fr\/edition-de-metz-ville\/2019\/10\/03\/venez-diner-dans-le-noir-avec-johttps:\/\/ultv.univ-lorraine.fr\/video\/13308-live-twitch-table-ronde-1-handicap-a-luniversite\/&#8221; _builder_version=&#8221;4.4.8&#8243; width=&#8221;70%&#8221; module_alignment=&#8221;center&#8221; border_radii=&#8221;on|8px|8px|8px|8px&#8221; border_width_all=&#8221;3px&#8221;][\/et_pb_image][\/et_pb_column][\/et_pb_row][\/et_pb_section][et_pb_section fb_built=&#8221;1&#8243; _builder_version=&#8221;4.4.8&#8243; custom_padding=&#8221;||0px|||&#8221;][et_pb_row _builder_version=&#8221;4.4.8&#8243; custom_padding=&#8221;||0px|||&#8221;][et_pb_column type=&#8221;4_4&#8243; _builder_version=&#8221;4.4.8&#8243;][et_pb_divider _builder_version=&#8221;4.4.8&#8243;][\/et_pb_divider][et_pb_text _builder_version=&#8221;4.4.8&#8243; text_font=&#8221;Nanum Pen Script|700|||||||&#8221; text_text_color=&#8221;#0a4253&#8243; text_font_size=&#8221;36px&#8221; custom_margin=&#8221;-16px||8px|||&#8221; custom_padding=&#8221;||0px|||&#8221; link_option_url=&#8221;https:\/\/www.facebook.com\/UniversJoMetz&#8221;]<\/p>\n<p style=\"text-align: center;\">Suis nos aventures sur Facebook !<\/p>\n<p>[\/et_pb_text][\/et_pb_column][\/et_pb_row][et_pb_row _builder_version=&#8221;4.4.8&#8243; custom_padding=&#8221;0px||12px|||&#8221;][et_pb_column type=&#8221;4_4&#8243; _builder_version=&#8221;4.4.8&#8243;][et_pb_image src=&#8221;https:\/\/universjo.com\/wp-content\/uploads\/2020\/07\/Facebooklogo.png&#8221; title_text=&#8221;Facebooklogo&#8221; url=&#8221;https:\/\/www.facebook.com\/UniversJoMetz&#8221; _builder_version=&#8221;4.4.8&#8243; width=&#8221;6%&#8221; width_tablet=&#8221;10%&#8221; width_phone=&#8221;20%&#8221; width_last_edited=&#8221;on|desktop&#8221; module_alignment=&#8221;center&#8221;][\/et_pb_image][\/et_pb_column][\/et_pb_row][et_pb_row _builder_version=&#8221;4.4.8&#8243; custom_margin=&#8221;-58px|auto||auto||&#8221;][et_pb_column type=&#8221;4_4&#8243; _builder_version=&#8221;4.4.8&#8243;][et_pb_divider show_divider=&#8221;off&#8221; _builder_version=&#8221;4.4.8&#8243; custom_margin=&#8221;||10px||false|false&#8221; custom_margin_tablet=&#8221;&#8221; custom_margin_phone=&#8221;&#8221; custom_margin_last_edited=&#8221;on|desktop&#8221;][\/et_pb_divider][et_pb_image src=&#8221;https:\/\/universjo.com\/wp-content\/uploads\/2020\/07\/envoie-nous-un-message.jpg&#8221; title_text=&#8221;envoie nous un message&#8221; show_bottom_space=&#8221;off&#8221; _builder_version=&#8221;4.4.8&#8243; width=&#8221;10%&#8221; width_tablet=&#8221;10%&#8221; width_phone=&#8221;20%&#8221; width_last_edited=&#8221;on|phone&#8221; module_alignment=&#8221;center&#8221;][\/et_pb_image][et_pb_contact_form captcha=&#8221;off&#8221; email=&#8221;UniVersJo@gmail.com&#8221; title=&#8221;Laisse-nous un message !&#8221; _builder_version=&#8221;4.4.8&#8243; form_field_background_color=&#8221;#0a4253&#8243; form_field_text_color=&#8221;#ffffff&#8221; title_font=&#8221;Nanum Pen Script|700|||||||&#8221; title_text_color=&#8221;#0a4253&#8243; form_field_text_align=&#8221;left&#8221; custom_button=&#8221;on&#8221; button_text_size=&#8221;21px&#8221; button_text_color=&#8221;#000000&#8243; button_bg_color=&#8221;#edf000&#8243; button_border_color=&#8221;rgba(255,255,255,0)&#8221; button_border_radius=&#8221;100px&#8221; box_shadow_style=&#8221;preset3&#8243; box_shadow_spread=&#8221;-14px&#8221; box_shadow_style_button=&#8221;preset3&#8243; box_shadow_spread_button=&#8221;-12px&#8221;][et_pb_contact_field field_id=&#8221;Name&#8221; field_title=&#8221;Ton nom&#8221; _builder_version=&#8221;4.4.8&#8243;][\/et_pb_contact_field][et_pb_contact_field field_id=&#8221;Email&#8221; field_title=&#8221;Ton adresse e-mail&#8221; field_type=&#8221;email&#8221; _builder_version=&#8221;4.4.8&#8243; button_text_size__hover_enabled=&#8221;off&#8221; button_one_text_size__hover_enabled=&#8221;off&#8221; button_two_text_size__hover_enabled=&#8221;off&#8221; button_text_color__hover_enabled=&#8221;off&#8221; button_one_text_color__hover_enabled=&#8221;off&#8221; button_two_text_color__hover_enabled=&#8221;off&#8221; button_border_width__hover_enabled=&#8221;off&#8221; button_one_border_width__hover_enabled=&#8221;off&#8221; button_two_border_width__hover_enabled=&#8221;off&#8221; button_border_color__hover_enabled=&#8221;off&#8221; button_one_border_color__hover_enabled=&#8221;off&#8221; button_two_border_color__hover_enabled=&#8221;off&#8221; button_border_radius__hover_enabled=&#8221;off&#8221; button_one_border_radius__hover_enabled=&#8221;off&#8221; button_two_border_radius__hover_enabled=&#8221;off&#8221; button_letter_spacing__hover_enabled=&#8221;off&#8221; button_one_letter_spacing__hover_enabled=&#8221;off&#8221; button_two_letter_spacing__hover_enabled=&#8221;off&#8221; button_bg_color__hover_enabled=&#8221;off&#8221; button_one_bg_color__hover_enabled=&#8221;off&#8221; button_two_bg_color__hover_enabled=&#8221;off&#8221;][\/et_pb_contact_field][et_pb_contact_field field_id=&#8221;Message&#8221; field_title=&#8221;Ton message&#8221; field_type=&#8221;text&#8221; fullwidth_field=&#8221;on&#8221; _builder_version=&#8221;4.4.8&#8243; button_text_size__hover_enabled=&#8221;off&#8221; button_one_text_size__hover_enabled=&#8221;off&#8221; button_two_text_size__hover_enabled=&#8221;off&#8221; button_text_color__hover_enabled=&#8221;off&#8221; button_one_text_color__hover_enabled=&#8221;off&#8221; button_two_text_color__hover_enabled=&#8221;off&#8221; button_border_width__hover_enabled=&#8221;off&#8221; button_one_border_width__hover_enabled=&#8221;off&#8221; button_two_border_width__hover_enabled=&#8221;off&#8221; button_border_color__hover_enabled=&#8221;off&#8221; button_one_border_color__hover_enabled=&#8221;off&#8221; button_two_border_color__hover_enabled=&#8221;off&#8221; button_border_radius__hover_enabled=&#8221;off&#8221; button_one_border_radius__hover_enabled=&#8221;off&#8221; button_two_border_radius__hover_enabled=&#8221;off&#8221; button_letter_spacing__hover_enabled=&#8221;off&#8221; button_one_letter_spacing__hover_enabled=&#8221;off&#8221; button_two_letter_spacing__hover_enabled=&#8221;off&#8221; button_bg_color__hover_enabled=&#8221;off&#8221; button_one_bg_color__hover_enabled=&#8221;off&#8221; button_two_bg_color__hover_enabled=&#8221;off&#8221;][\/et_pb_contact_field][\/et_pb_contact_form][\/et_pb_column][\/et_pb_row][et_pb_row _builder_version=&#8221;4.4.8&#8243;][et_pb_column type=&#8221;4_4&#8243; _builder_version=&#8221;4.4.8&#8243;][et_pb_divider show_divider=&#8221;off&#8221; _builder_version=&#8221;4.4.8&#8243; width=&#8221;100%&#8221; max_width=&#8221;100%&#8221;][\/et_pb_divider][\/et_pb_column][\/et_pb_row][et_pb_row _builder_version=&#8221;4.4.8&#8243;][et_pb_column type=&#8221;4_4&#8243; _builder_version=&#8221;4.4.8&#8243;][\/et_pb_column][\/et_pb_row][\/et_pb_section]<\/p>\n","protected":false},"excerpt":{"rendered":"<p>[et_pb_section fb_built=&#8221;1&#8243; fullwidth=&#8221;on&#8221; admin_label=&#8221;Page Header&#8221; _builder_version=&#8221;4.4.8&#8243; background_color=&#8221;rgba(180,222,231,0.38)&#8221; background_enable_color=&#8221;off&#8221; background_image=&#8221;https:\/\/universjo.com\/wp-content\/uploads\/2020\/06\/IMG_1529-scaled-e1593450230382.jpg&#8221; min_height=&#8221;100px&#8221;][et_pb_fullwidth_header text_orientation=&#8221;center&#8221; background_overlay_color=&#8221;rgba(54,131,193,0.51)&#8221; admin_label=&#8221;Hero Section&#8221; _builder_version=&#8221;4.4.8&#8243; title_font=&#8221;Montserrat|on|||&#8221; title_font_size=&#8221;60px&#8221; title_line_height=&#8221;1.4em&#8221; content_font=&#8221;Montserrat|600|||||||&#8221; content_font_size=&#8221;50px&#8221; content_line_height=&#8221;1em&#8221; subhead_font=&#8221;||||&#8221; background_enable_color=&#8221;off&#8221; custom_button_one=&#8221;on&#8221; button_one_text_size=&#8221;16px&#8221; button_one_bg_color=&#8221;#6eba01&#8243; button_one_border_width=&#8221;2px&#8221; button_one_border_color=&#8221;#6eba01&#8243; button_one_border_radius=&#8221;0&#8243; button_one_letter_spacing=&#8221;2&#8243; button_one_font=&#8221;Montserrat|||on|&#8221; button_one_use_icon=&#8221;off&#8221; custom_button_two=&#8221;on&#8221; button_two_text_size=&#8221;16px&#8221; button_two_border_width=&#8221;2px&#8221; button_two_border_color=&#8221;#ffffff&#8221; button_two_border_radius=&#8221;0&#8243; button_two_letter_spacing=&#8221;2&#8243; button_two_font=&#8221;Montserrat|||on|&#8221; button_two_use_icon=&#8221;off&#8221; transform_scale_tablet=&#8221;&#8221; transform_scale_phone=&#8221;&#8221; transform_scale_last_edited=&#8221;on|desktop&#8221; transform_translate_tablet=&#8221;&#8221; transform_translate_phone=&#8221;&#8221; transform_translate_last_edited=&#8221;on|desktop&#8221; transform_rotate_tablet=&#8221;&#8221; transform_rotate_phone=&#8221;&#8221; transform_rotate_last_edited=&#8221;on|desktop&#8221; transform_skew_tablet=&#8221;&#8221; transform_skew_phone=&#8221;&#8221; transform_skew_last_edited=&#8221;on|desktop&#8221; transform_origin_tablet=&#8221;&#8221; transform_origin_phone=&#8221;&#8221; transform_origin_last_edited=&#8221;on|desktop&#8221; [&hellip;]<\/p>\n","protected":false},"author":1,"featured_media":0,"parent":0,"menu_order":0,"comment_status":"closed","ping_status":"closed","template":"","meta":{"_et_pb_use_builder":"on","_et_pb_old_content":"","_et_gb_content_width":"","footnotes":""},"class_list":["post-149","page","type-page","status-publish","hentry"],"_links":{"self":[{"href":"https:\/\/universjo.com\/index.php\/wp-json\/wp\/v2\/pages\/149","targetHints":{"allow":["GET"]}}],"collection":[{"href":"https:\/\/universjo.com\/index.php\/wp-json\/wp\/v2\/pages"}],"about":[{"href":"https:\/\/universjo.com\/index.php\/wp-json\/wp\/v2\/types\/page"}],"author":[{"embeddable":true,"href":"https:\/\/universjo.com\/index.php\/wp-json\/wp\/v2\/users\/1"}],"replies":[{"embeddable":true,"href":"https:\/\/universjo.com\/index.php\/wp-json\/wp\/v2\/comments?post=149"}],"version-history":[{"count":17,"href":"https:\/\/universjo.com\/index.php\/wp-json\/wp\/v2\/pages\/149\/revisions"}],"predecessor-version":[{"id":557,"href":"https:\/\/universjo.com\/index.php\/wp-json\/wp\/v2\/pages\/149\/revisions\/557"}],"wp:attachment":[{"href":"https:\/\/universjo.com\/index.php\/wp-json\/wp\/v2\/media?parent=149"}],"curies":[{"name":"wp","href":"https:\/\/api.w.org\/{rel}","templated":true}]}}